{"id":30,"date":"2019-11-08T12:38:32","date_gmt":"2019-11-08T11:38:32","guid":{"rendered":"http:\/\/emprenderalos50.es\/?page_id=30"},"modified":"2023-05-15T10:46:30","modified_gmt":"2023-05-15T09:46:30","slug":"prueba","status":"publish","type":"page","link":"https:\/\/emprenderalos50.es\/index.php\/prueba\/","title":{"rendered":"Enlaces de inter\u00e9s"},"content":{"rendered":"\r\n<div class=\"wp-block-columns has-2-columns is-layout-flex wp-container-core-columns-is-layout-9d6595d7 wp-block-columns-is-layout-flex\">\r\n<div class=\"wp-block-column is-layout-flow wp-block-column-is-layout-flow\">\r\n<ul class=\"wp-block-list\">\r\n<li>Facebook <strong><a href=\"https:\/\/www.facebook.com\/Emprender-a-los-50-104711130989014\/\" target=\"_blank\" rel=\"noreferrer noopener\" aria-label=\"Emprender a los 50 (abre en una nueva pesta\u00f1a)\">Emprender a los 50<\/a><\/strong><\/li>\r\n<li>Facebook<a href=\"https:\/\/www.facebook.com\/aticaredex\/\"> <strong>\u00c1<\/strong><\/a><strong><a href=\"https:\/\/www.facebook.com\/aticaredex\/\" target=\"_blank\" rel=\"noreferrer noopener\" aria-label=\"tica Redex S.L. (abre en una nueva pesta\u00f1a)\">tica Redex S.L.<\/a><\/strong><\/li>\r\n<li>Facebook <strong><a href=\"https:\/\/www.facebook.com\/dbkproyectosindustrial\/\">DBK <\/a><a href=\"https:\/\/www.facebook.com\/dbkproyectosindustrial\/\" target=\"_blank\" rel=\"noreferrer noopener\" aria-label=\"Proyectos  (abre en una nueva pesta\u00f1a)\">Proyectos <\/a><a href=\"https:\/\/www.facebook.com\/dbkproyectosindustrial\/\">S.L.<\/a><\/strong><\/li>\r\n<li>Facebook <strong><a href=\"https:\/\/www.facebook.com\/capalliancespain\/\" target=\"_blank\" rel=\"noreferrer noopener\" aria-label=\"CAP Alliance (abre en una nueva pesta\u00f1a)\">CAP Alliance<\/a><\/strong><\/li>\r\n<li>Facebook <strong><a href=\"https:\/\/www.facebook.com\/MBForklift\/\" target=\"_blank\" rel=\"noreferrer noopener\" aria-label=\" (abre en una nueva pesta\u00f1a)\">MB Forklift<\/a><\/strong><\/li>\r\n<\/ul>\r\n<\/div>\r\n\r\n\r\n\r\n<div class=\"wp-block-column is-layout-flow wp-block-column-is-layout-flow\">\r\n<ul class=\"wp-block-list\">\r\n<li><a href=\"https:\/\/aticaredex.com\/\" target=\"_blank\" rel=\"noreferrer noopener\" aria-label=\" (abre en una nueva pesta\u00f1a)\">\u00c1TICA REDEX: <br>Central de compras y servicios<\/a><\/li>\r\n<li><a href=\"https:\/\/mbforklift.com\/\" target=\"_blank\" rel=\"noreferrer noopener\" aria-label=\" (abre en una nueva pesta\u00f1a)\">MB Forklift: <br>Carretillas Elevadoras, Transpaletas&#8230;<\/a><\/li>\r\n<li><a href=\"https:\/\/dbkproyectos.es\/\" target=\"_blank\" rel=\"noreferrer noopener\" aria-label=\" (abre en una nueva pesta\u00f1a)\">DBK Proyectos: <br>Soluciones especiales de log\u00edstica<\/a><\/li>\r\n<li><a href=\"http:\/\/www.capalliance.es\/\" target=\"_blank\" rel=\"noreferrer noopener\" aria-label=\" (abre en una nueva pesta\u00f1a)\">CAP Alliance Iberica: <br>Central de Compras Agr\u00edcola<\/a><\/li>\r\n<\/ul>\r\n<\/div>\r\n<\/div>\r\n\r\n\r\n\r\n<p>&nbsp;<\/p>\r\n","protected":false},"excerpt":{"rendered":"<p>Facebook Emprender a los 50 Facebook \u00c1tica Redex S.L. Facebook DBK Proyectos S.L. Facebook CAP Alliance Facebook MB Forklift \u00c1TICA REDEX: Central de compras y servicios MB Forklift: Carretillas Elevadoras, Transpaletas&#8230; DBK Proyectos: Soluciones especiales de log\u00edstica CAP Alliance Iberica: Central de Compras Agr\u00edcola &nbsp;<\/p>\n","protected":false},"author":1,"featured_media":43,"parent":0,"menu_order":0,"comment_status":"closed","ping_status":"closed","template":"","meta":{"footnotes":""},"class_list":["post-30","page","type-page","status-publish","has-post-thumbnail","hentry"],"yoast_head":"<!-- This site is optimized with the Yoast SEO plugin v25.3 - https:\/\/yoast.com\/wordpress\/plugins\/seo\/ -->\n<title>Enlaces de inter\u00e9s - Emprender a los 50<\/title>\n<meta name=\"robots\" content=\"index, follow, max-snippet:-1, max-image-preview:large, max-video-preview:-1\" \/>\n<link rel=\"canonical\" href=\"https:\/\/emprenderalos50.es\/index.php\/prueba\/\" \/>\n<meta property=\"og:locale\" content=\"es_ES\" \/>\n<meta property=\"og:type\" content=\"article\" \/>\n<meta property=\"og:title\" content=\"Enlaces de inter\u00e9s - Emprender a los 50\" \/>\n<meta property=\"og:description\" content=\"Facebook Emprender a los 50 Facebook \u00c1tica Redex S.L. Facebook DBK Proyectos S.L. Facebook CAP Alliance Facebook MB Forklift \u00c1TICA REDEX: Central de compras y servicios MB Forklift: Carretillas Elevadoras, Transpaletas&#8230; DBK Proyectos: Soluciones especiales de log\u00edstica CAP Alliance Iberica: Central de Compras Agr\u00edcola &nbsp;\" \/>\n<meta property=\"og:url\" content=\"https:\/\/emprenderalos50.es\/index.php\/prueba\/\" \/>\n<meta property=\"og:site_name\" content=\"Emprender a los 50\" \/>\n<meta property=\"article:publisher\" content=\"https:\/\/www.facebook.com\/people\/Emprender-a-los-50\/100046779980683\/#\" \/>\n<meta property=\"article:modified_time\" content=\"2023-05-15T09:46:30+00:00\" \/>\n<meta property=\"og:image\" content=\"https:\/\/emprenderalos50.es\/wp-content\/uploads\/2019\/11\/Fondo4.jpg\" \/>\n\t<meta property=\"og:image:width\" content=\"2000\" \/>\n\t<meta property=\"og:image:height\" content=\"1200\" \/>\n\t<meta property=\"og:image:type\" content=\"image\/jpeg\" \/>\n<meta name=\"twitter:card\" content=\"summary_large_image\" \/>\n<script type=\"application\/ld+json\" class=\"yoast-schema-graph\">{\"@context\":\"https:\/\/schema.org\",\"@graph\":[{\"@type\":\"WebPage\",\"@id\":\"https:\/\/emprenderalos50.es\/index.php\/prueba\/\",\"url\":\"https:\/\/emprenderalos50.es\/index.php\/prueba\/\",\"name\":\"Enlaces de inter\u00e9s - Emprender a los 50\",\"isPartOf\":{\"@id\":\"https:\/\/emprenderalos50.es\/#website\"},\"primaryImageOfPage\":{\"@id\":\"https:\/\/emprenderalos50.es\/index.php\/prueba\/#primaryimage\"},\"image\":{\"@id\":\"https:\/\/emprenderalos50.es\/index.php\/prueba\/#primaryimage\"},\"thumbnailUrl\":\"https:\/\/emprenderalos50.es\/wp-content\/uploads\/2019\/11\/Fondo4.jpg\",\"datePublished\":\"2019-11-08T11:38:32+00:00\",\"dateModified\":\"2023-05-15T09:46:30+00:00\",\"breadcrumb\":{\"@id\":\"https:\/\/emprenderalos50.es\/index.php\/prueba\/#breadcrumb\"},\"inLanguage\":\"es\",\"potentialAction\":[{\"@type\":\"ReadAction\",\"target\":[\"https:\/\/emprenderalos50.es\/index.php\/prueba\/\"]}]},{\"@type\":\"ImageObject\",\"inLanguage\":\"es\",\"@id\":\"https:\/\/emprenderalos50.es\/index.php\/prueba\/#primaryimage\",\"url\":\"https:\/\/emprenderalos50.es\/wp-content\/uploads\/2019\/11\/Fondo4.jpg\",\"contentUrl\":\"https:\/\/emprenderalos50.es\/wp-content\/uploads\/2019\/11\/Fondo4.jpg\",\"width\":2000,\"height\":1200,\"caption\":\"Trabajo en equipo. Varias personas se sientan a la mesa para aportar ideas y soluciones estrat\u00e9gicas con las que alcanzar el \u00e9xito.\"},{\"@type\":\"BreadcrumbList\",\"@id\":\"https:\/\/emprenderalos50.es\/index.php\/prueba\/#breadcrumb\",\"itemListElement\":[{\"@type\":\"ListItem\",\"position\":1,\"name\":\"Portada\",\"item\":\"https:\/\/emprenderalos50.es\/\"},{\"@type\":\"ListItem\",\"position\":2,\"name\":\"Enlaces de inter\u00e9s\"}]},{\"@type\":\"WebSite\",\"@id\":\"https:\/\/emprenderalos50.es\/#website\",\"url\":\"https:\/\/emprenderalos50.es\/\",\"name\":\"Emprender a los 50\",\"description\":\"Se puede, se debe y adem\u00e1s... toca\",\"publisher\":{\"@id\":\"https:\/\/emprenderalos50.es\/#organization\"},\"potentialAction\":[{\"@type\":\"SearchAction\",\"target\":{\"@type\":\"EntryPoint\",\"urlTemplate\":\"https:\/\/emprenderalos50.es\/?s={search_term_string}\"},\"query-input\":{\"@type\":\"PropertyValueSpecification\",\"valueRequired\":true,\"valueName\":\"search_term_string\"}}],\"inLanguage\":\"es\"},{\"@type\":\"Organization\",\"@id\":\"https:\/\/emprenderalos50.es\/#organization\",\"name\":\"Emprender a los 50\",\"url\":\"https:\/\/emprenderalos50.es\/\",\"logo\":{\"@type\":\"ImageObject\",\"inLanguage\":\"es\",\"@id\":\"https:\/\/emprenderalos50.es\/#\/schema\/logo\/image\/\",\"url\":\"https:\/\/emprenderalos50.es\/wp-content\/uploads\/2019\/11\/favicon-1.png\",\"contentUrl\":\"https:\/\/emprenderalos50.es\/wp-content\/uploads\/2019\/11\/favicon-1.png\",\"width\":128,\"height\":128,\"caption\":\"Emprender a los 50\"},\"image\":{\"@id\":\"https:\/\/emprenderalos50.es\/#\/schema\/logo\/image\/\"},\"sameAs\":[\"https:\/\/www.facebook.com\/people\/Emprender-a-los-50\/100046779980683\/#\"]}]}<\/script>\n<!-- \/ Yoast SEO plugin. -->","yoast_head_json":{"title":"Enlaces de inter\u00e9s - Emprender a los 50","robots":{"index":"index","follow":"follow","max-snippet":"max-snippet:-1","max-image-preview":"max-image-preview:large","max-video-preview":"max-video-preview:-1"},"canonical":"https:\/\/emprenderalos50.es\/index.php\/prueba\/","og_locale":"es_ES","og_type":"article","og_title":"Enlaces de inter\u00e9s - Emprender a los 50","og_description":"Facebook Emprender a los 50 Facebook \u00c1tica Redex S.L. Facebook DBK Proyectos S.L. Facebook CAP Alliance Facebook MB Forklift \u00c1TICA REDEX: Central de compras y servicios MB Forklift: Carretillas Elevadoras, Transpaletas&#8230; DBK Proyectos: Soluciones especiales de log\u00edstica CAP Alliance Iberica: Central de Compras Agr\u00edcola &nbsp;","og_url":"https:\/\/emprenderalos50.es\/index.php\/prueba\/","og_site_name":"Emprender a los 50","article_publisher":"https:\/\/www.facebook.com\/people\/Emprender-a-los-50\/100046779980683\/#","article_modified_time":"2023-05-15T09:46:30+00:00","og_image":[{"width":2000,"height":1200,"url":"https:\/\/emprenderalos50.es\/wp-content\/uploads\/2019\/11\/Fondo4.jpg","type":"image\/jpeg"}],"twitter_card":"summary_large_image","schema":{"@context":"https:\/\/schema.org","@graph":[{"@type":"WebPage","@id":"https:\/\/emprenderalos50.es\/index.php\/prueba\/","url":"https:\/\/emprenderalos50.es\/index.php\/prueba\/","name":"Enlaces de inter\u00e9s - Emprender a los 50","isPartOf":{"@id":"https:\/\/emprenderalos50.es\/#website"},"primaryImageOfPage":{"@id":"https:\/\/emprenderalos50.es\/index.php\/prueba\/#primaryimage"},"image":{"@id":"https:\/\/emprenderalos50.es\/index.php\/prueba\/#primaryimage"},"thumbnailUrl":"https:\/\/emprenderalos50.es\/wp-content\/uploads\/2019\/11\/Fondo4.jpg","datePublished":"2019-11-08T11:38:32+00:00","dateModified":"2023-05-15T09:46:30+00:00","breadcrumb":{"@id":"https:\/\/emprenderalos50.es\/index.php\/prueba\/#breadcrumb"},"inLanguage":"es","potentialAction":[{"@type":"ReadAction","target":["https:\/\/emprenderalos50.es\/index.php\/prueba\/"]}]},{"@type":"ImageObject","inLanguage":"es","@id":"https:\/\/emprenderalos50.es\/index.php\/prueba\/#primaryimage","url":"https:\/\/emprenderalos50.es\/wp-content\/uploads\/2019\/11\/Fondo4.jpg","contentUrl":"https:\/\/emprenderalos50.es\/wp-content\/uploads\/2019\/11\/Fondo4.jpg","width":2000,"height":1200,"caption":"Trabajo en equipo. Varias personas se sientan a la mesa para aportar ideas y soluciones estrat\u00e9gicas con las que alcanzar el \u00e9xito."},{"@type":"BreadcrumbList","@id":"https:\/\/emprenderalos50.es\/index.php\/prueba\/#breadcrumb","itemListElement":[{"@type":"ListItem","position":1,"name":"Portada","item":"https:\/\/emprenderalos50.es\/"},{"@type":"ListItem","position":2,"name":"Enlaces de inter\u00e9s"}]},{"@type":"WebSite","@id":"https:\/\/emprenderalos50.es\/#website","url":"https:\/\/emprenderalos50.es\/","name":"Emprender a los 50","description":"Se puede, se debe y adem\u00e1s... toca","publisher":{"@id":"https:\/\/emprenderalos50.es\/#organization"},"potentialAction":[{"@type":"SearchAction","target":{"@type":"EntryPoint","urlTemplate":"https:\/\/emprenderalos50.es\/?s={search_term_string}"},"query-input":{"@type":"PropertyValueSpecification","valueRequired":true,"valueName":"search_term_string"}}],"inLanguage":"es"},{"@type":"Organization","@id":"https:\/\/emprenderalos50.es\/#organization","name":"Emprender a los 50","url":"https:\/\/emprenderalos50.es\/","logo":{"@type":"ImageObject","inLanguage":"es","@id":"https:\/\/emprenderalos50.es\/#\/schema\/logo\/image\/","url":"https:\/\/emprenderalos50.es\/wp-content\/uploads\/2019\/11\/favicon-1.png","contentUrl":"https:\/\/emprenderalos50.es\/wp-content\/uploads\/2019\/11\/favicon-1.png","width":128,"height":128,"caption":"Emprender a los 50"},"image":{"@id":"https:\/\/emprenderalos50.es\/#\/schema\/logo\/image\/"},"sameAs":["https:\/\/www.facebook.com\/people\/Emprender-a-los-50\/100046779980683\/#"]}]}},"_links":{"self":[{"href":"https:\/\/emprenderalos50.es\/index.php\/wp-json\/wp\/v2\/pages\/30","targetHints":{"allow":["GET"]}}],"collection":[{"href":"https:\/\/emprenderalos50.es\/index.php\/wp-json\/wp\/v2\/pages"}],"about":[{"href":"https:\/\/emprenderalos50.es\/index.php\/wp-json\/wp\/v2\/types\/page"}],"author":[{"embeddable":true,"href":"https:\/\/emprenderalos50.es\/index.php\/wp-json\/wp\/v2\/users\/1"}],"replies":[{"embeddable":true,"href":"https:\/\/emprenderalos50.es\/index.php\/wp-json\/wp\/v2\/comments?post=30"}],"version-history":[{"count":10,"href":"https:\/\/emprenderalos50.es\/index.php\/wp-json\/wp\/v2\/pages\/30\/revisions"}],"predecessor-version":[{"id":122,"href":"https:\/\/emprenderalos50.es\/index.php\/wp-json\/wp\/v2\/pages\/30\/revisions\/122"}],"wp:featuredmedia":[{"embeddable":true,"href":"https:\/\/emprenderalos50.es\/index.php\/wp-json\/wp\/v2\/media\/43"}],"wp:attachment":[{"href":"https:\/\/emprenderalos50.es\/index.php\/wp-json\/wp\/v2\/media?parent=30"}],"curies":[{"name":"wp","href":"https:\/\/api.w.org\/{rel}","templated":true}]}}