{"id":9,"date":"2019-11-08T10:58:07","date_gmt":"2019-11-08T10:58:07","guid":{"rendered":"http:\/\/emprenderalos50.es\/?page_id=9"},"modified":"2025-06-13T11:05:20","modified_gmt":"2025-06-13T10:05:20","slug":"about","status":"publish","type":"page","link":"https:\/\/emprenderalos50.es\/index.php\/about\/","title":{"rendered":"Acerca del autor"},"content":{"rendered":"<h1>\u00c1ngel Gabriel Garc\u00eda-Mu\u00f1oz Rodrigo<\/h1>\n<p>Es Executive-MBA por la Escuela de Alta Direcci\u00f3n y Administraci\u00f3n de Barcelona (EADA), Licenciado en Gesti\u00f3n Comercial y Marketing por ESIC, Diplomado en Control Financiero y Presupuestario (por el extinto CINDE) y Graduado en Programaci\u00f3n de Gesti\u00f3n por el ICADE, todo ello en Madrid.<\/p>\n<p>Desde el 2009 es el Director General de \u00c1TICA REDEX, primera Central de Compras y Servicios europea de nicho y car\u00e1cter multisectorial centrada en el mundo de las m\u00e1quinas, cargo que compatibiliza con el de mismo nivel en DBK PROYECTOS y Administraci\u00f3n y Gesti\u00f3n Centralizada de Recursos (ACR) de reciente creaci\u00f3n.<\/p>\n<p>A lo largo de su carrera profesional ha desarrollado diversos cargos de responsabilidad como Director Regional de Ventas, Product Manager y Key Account Manager en Nissan Forklift, Barloworld Finanzauto y Manutenci\u00f3n Industrial de Cargas (Mic). Tambi\u00e9n ha sido profesor colaborador de la Asociaci\u00f3n de la Industria Navarra (AIN) en Pamplona, de la Escuela Superior de Administraci\u00f3n y Direcci\u00f3n de empresas (EADA) en Barcelona y del Instituto de Estudios Superiores Mirasierra de Madrid.<\/p>\n","protected":false},"excerpt":{"rendered":"<p>\u00c1ngel Gabriel Garc\u00eda-Mu\u00f1oz Rodrigo Es Executive-MBA por la Escuela de Alta Direcci\u00f3n y Administraci\u00f3n de Barcelona (EADA), Licenciado en Gesti\u00f3n Comercial y Marketing por ESIC, Diplomado en Control Financiero y Presupuestario (por el extinto CINDE) y Graduado en Programaci\u00f3n de Gesti\u00f3n por el ICADE, todo ello en Madrid. Desde el 2009 es el Director General &hellip; <\/p>\n<p class=\"link-more\"><a href=\"https:\/\/emprenderalos50.es\/index.php\/about\/\" class=\"more-link\">Continuar leyendo<span class=\"screen-reader-text\"> \u00abAcerca del autor\u00bb<\/span><\/a><\/p>\n","protected":false},"author":1,"featured_media":68,"parent":0,"menu_order":0,"comment_status":"closed","ping_status":"closed","template":"","meta":{"footnotes":""},"class_list":["post-9","page","type-page","status-publish","has-post-thumbnail","hentry"],"yoast_head":"<!-- This site is optimized with the Yoast SEO plugin v25.3 - https:\/\/yoast.com\/wordpress\/plugins\/seo\/ -->\n<title>Acerca del autor - Emprender a los 50<\/title>\n<meta name=\"description\" content=\"Director General de \u00c1TICA REDEX, primera Central de Compras y Servicios europea centrada en el mundo de las m\u00e1quinas, DBK PROYECTOS y ACR.\" \/>\n<meta name=\"robots\" content=\"index, follow, max-snippet:-1, max-image-preview:large, max-video-preview:-1\" \/>\n<link rel=\"canonical\" href=\"https:\/\/emprenderalos50.es\/index.php\/about\/\" \/>\n<meta property=\"og:locale\" content=\"es_ES\" \/>\n<meta property=\"og:type\" content=\"article\" \/>\n<meta property=\"og:title\" content=\"Acerca del autor - Emprender a los 50\" \/>\n<meta property=\"og:description\" content=\"Director General de \u00c1TICA REDEX, primera Central de Compras y Servicios europea centrada en el mundo de las m\u00e1quinas, DBK PROYECTOS y ACR.\" \/>\n<meta property=\"og:url\" content=\"https:\/\/emprenderalos50.es\/index.php\/about\/\" \/>\n<meta property=\"og:site_name\" content=\"Emprender a los 50\" \/>\n<meta property=\"article:publisher\" content=\"https:\/\/www.facebook.com\/people\/Emprender-a-los-50\/100046779980683\/#\" \/>\n<meta property=\"article:modified_time\" content=\"2025-06-13T10:05:20+00:00\" \/>\n<meta property=\"og:image\" content=\"https:\/\/emprenderalos50.es\/wp-content\/uploads\/2019\/11\/Fondo6.jpg\" \/>\n\t<meta property=\"og:image:width\" content=\"2000\" \/>\n\t<meta property=\"og:image:height\" content=\"1200\" \/>\n\t<meta property=\"og:image:type\" content=\"image\/jpeg\" \/>\n<meta name=\"twitter:card\" content=\"summary_large_image\" \/>\n<meta name=\"twitter:label1\" content=\"Tiempo de lectura\" \/>\n\t<meta name=\"twitter:data1\" content=\"1 minuto\" \/>\n<script type=\"application\/ld+json\" class=\"yoast-schema-graph\">{\"@context\":\"https:\/\/schema.org\",\"@graph\":[{\"@type\":\"WebPage\",\"@id\":\"https:\/\/emprenderalos50.es\/index.php\/about\/\",\"url\":\"https:\/\/emprenderalos50.es\/index.php\/about\/\",\"name\":\"Acerca del autor - Emprender a los 50\",\"isPartOf\":{\"@id\":\"https:\/\/emprenderalos50.es\/#website\"},\"primaryImageOfPage\":{\"@id\":\"https:\/\/emprenderalos50.es\/index.php\/about\/#primaryimage\"},\"image\":{\"@id\":\"https:\/\/emprenderalos50.es\/index.php\/about\/#primaryimage\"},\"thumbnailUrl\":\"https:\/\/emprenderalos50.es\/wp-content\/uploads\/2019\/11\/Fondo6.jpg\",\"datePublished\":\"2019-11-08T10:58:07+00:00\",\"dateModified\":\"2025-06-13T10:05:20+00:00\",\"description\":\"Director General de \u00c1TICA REDEX, primera Central de Compras y Servicios europea centrada en el mundo de las m\u00e1quinas, DBK PROYECTOS y ACR.\",\"breadcrumb\":{\"@id\":\"https:\/\/emprenderalos50.es\/index.php\/about\/#breadcrumb\"},\"inLanguage\":\"es\",\"potentialAction\":[{\"@type\":\"ReadAction\",\"target\":[\"https:\/\/emprenderalos50.es\/index.php\/about\/\"]}]},{\"@type\":\"ImageObject\",\"inLanguage\":\"es\",\"@id\":\"https:\/\/emprenderalos50.es\/index.php\/about\/#primaryimage\",\"url\":\"https:\/\/emprenderalos50.es\/wp-content\/uploads\/2019\/11\/Fondo6.jpg\",\"contentUrl\":\"https:\/\/emprenderalos50.es\/wp-content\/uploads\/2019\/11\/Fondo6.jpg\",\"width\":2000,\"height\":1200,\"caption\":\"Varias fotos de \u00c1ngel (director de \u00c1tica Redex y autor de Emprender a los 50) junto a su equipo en reuniones y conferencias.\"},{\"@type\":\"BreadcrumbList\",\"@id\":\"https:\/\/emprenderalos50.es\/index.php\/about\/#breadcrumb\",\"itemListElement\":[{\"@type\":\"ListItem\",\"position\":1,\"name\":\"Portada\",\"item\":\"https:\/\/emprenderalos50.es\/\"},{\"@type\":\"ListItem\",\"position\":2,\"name\":\"Acerca del autor\"}]},{\"@type\":\"WebSite\",\"@id\":\"https:\/\/emprenderalos50.es\/#website\",\"url\":\"https:\/\/emprenderalos50.es\/\",\"name\":\"Emprender a los 50\",\"description\":\"Se puede, se debe y adem\u00e1s... toca\",\"publisher\":{\"@id\":\"https:\/\/emprenderalos50.es\/#organization\"},\"potentialAction\":[{\"@type\":\"SearchAction\",\"target\":{\"@type\":\"EntryPoint\",\"urlTemplate\":\"https:\/\/emprenderalos50.es\/?s={search_term_string}\"},\"query-input\":{\"@type\":\"PropertyValueSpecification\",\"valueRequired\":true,\"valueName\":\"search_term_string\"}}],\"inLanguage\":\"es\"},{\"@type\":\"Organization\",\"@id\":\"https:\/\/emprenderalos50.es\/#organization\",\"name\":\"Emprender a los 50\",\"url\":\"https:\/\/emprenderalos50.es\/\",\"logo\":{\"@type\":\"ImageObject\",\"inLanguage\":\"es\",\"@id\":\"https:\/\/emprenderalos50.es\/#\/schema\/logo\/image\/\",\"url\":\"https:\/\/emprenderalos50.es\/wp-content\/uploads\/2019\/11\/favicon-1.png\",\"contentUrl\":\"https:\/\/emprenderalos50.es\/wp-content\/uploads\/2019\/11\/favicon-1.png\",\"width\":128,\"height\":128,\"caption\":\"Emprender a los 50\"},\"image\":{\"@id\":\"https:\/\/emprenderalos50.es\/#\/schema\/logo\/image\/\"},\"sameAs\":[\"https:\/\/www.facebook.com\/people\/Emprender-a-los-50\/100046779980683\/#\"]}]}<\/script>\n<!-- \/ Yoast SEO plugin. -->","yoast_head_json":{"title":"Acerca del autor - Emprender a los 50","description":"Director General de \u00c1TICA REDEX, primera Central de Compras y Servicios europea centrada en el mundo de las m\u00e1quinas, DBK PROYECTOS y ACR.","robots":{"index":"index","follow":"follow","max-snippet":"max-snippet:-1","max-image-preview":"max-image-preview:large","max-video-preview":"max-video-preview:-1"},"canonical":"https:\/\/emprenderalos50.es\/index.php\/about\/","og_locale":"es_ES","og_type":"article","og_title":"Acerca del autor - Emprender a los 50","og_description":"Director General de \u00c1TICA REDEX, primera Central de Compras y Servicios europea centrada en el mundo de las m\u00e1quinas, DBK PROYECTOS y ACR.","og_url":"https:\/\/emprenderalos50.es\/index.php\/about\/","og_site_name":"Emprender a los 50","article_publisher":"https:\/\/www.facebook.com\/people\/Emprender-a-los-50\/100046779980683\/#","article_modified_time":"2025-06-13T10:05:20+00:00","og_image":[{"width":2000,"height":1200,"url":"https:\/\/emprenderalos50.es\/wp-content\/uploads\/2019\/11\/Fondo6.jpg","type":"image\/jpeg"}],"twitter_card":"summary_large_image","twitter_misc":{"Tiempo de lectura":"1 minuto"},"schema":{"@context":"https:\/\/schema.org","@graph":[{"@type":"WebPage","@id":"https:\/\/emprenderalos50.es\/index.php\/about\/","url":"https:\/\/emprenderalos50.es\/index.php\/about\/","name":"Acerca del autor - Emprender a los 50","isPartOf":{"@id":"https:\/\/emprenderalos50.es\/#website"},"primaryImageOfPage":{"@id":"https:\/\/emprenderalos50.es\/index.php\/about\/#primaryimage"},"image":{"@id":"https:\/\/emprenderalos50.es\/index.php\/about\/#primaryimage"},"thumbnailUrl":"https:\/\/emprenderalos50.es\/wp-content\/uploads\/2019\/11\/Fondo6.jpg","datePublished":"2019-11-08T10:58:07+00:00","dateModified":"2025-06-13T10:05:20+00:00","description":"Director General de \u00c1TICA REDEX, primera Central de Compras y Servicios europea centrada en el mundo de las m\u00e1quinas, DBK PROYECTOS y ACR.","breadcrumb":{"@id":"https:\/\/emprenderalos50.es\/index.php\/about\/#breadcrumb"},"inLanguage":"es","potentialAction":[{"@type":"ReadAction","target":["https:\/\/emprenderalos50.es\/index.php\/about\/"]}]},{"@type":"ImageObject","inLanguage":"es","@id":"https:\/\/emprenderalos50.es\/index.php\/about\/#primaryimage","url":"https:\/\/emprenderalos50.es\/wp-content\/uploads\/2019\/11\/Fondo6.jpg","contentUrl":"https:\/\/emprenderalos50.es\/wp-content\/uploads\/2019\/11\/Fondo6.jpg","width":2000,"height":1200,"caption":"Varias fotos de \u00c1ngel (director de \u00c1tica Redex y autor de Emprender a los 50) junto a su equipo en reuniones y conferencias."},{"@type":"BreadcrumbList","@id":"https:\/\/emprenderalos50.es\/index.php\/about\/#breadcrumb","itemListElement":[{"@type":"ListItem","position":1,"name":"Portada","item":"https:\/\/emprenderalos50.es\/"},{"@type":"ListItem","position":2,"name":"Acerca del autor"}]},{"@type":"WebSite","@id":"https:\/\/emprenderalos50.es\/#website","url":"https:\/\/emprenderalos50.es\/","name":"Emprender a los 50","description":"Se puede, se debe y adem\u00e1s... toca","publisher":{"@id":"https:\/\/emprenderalos50.es\/#organization"},"potentialAction":[{"@type":"SearchAction","target":{"@type":"EntryPoint","urlTemplate":"https:\/\/emprenderalos50.es\/?s={search_term_string}"},"query-input":{"@type":"PropertyValueSpecification","valueRequired":true,"valueName":"search_term_string"}}],"inLanguage":"es"},{"@type":"Organization","@id":"https:\/\/emprenderalos50.es\/#organization","name":"Emprender a los 50","url":"https:\/\/emprenderalos50.es\/","logo":{"@type":"ImageObject","inLanguage":"es","@id":"https:\/\/emprenderalos50.es\/#\/schema\/logo\/image\/","url":"https:\/\/emprenderalos50.es\/wp-content\/uploads\/2019\/11\/favicon-1.png","contentUrl":"https:\/\/emprenderalos50.es\/wp-content\/uploads\/2019\/11\/favicon-1.png","width":128,"height":128,"caption":"Emprender a los 50"},"image":{"@id":"https:\/\/emprenderalos50.es\/#\/schema\/logo\/image\/"},"sameAs":["https:\/\/www.facebook.com\/people\/Emprender-a-los-50\/100046779980683\/#"]}]}},"_links":{"self":[{"href":"https:\/\/emprenderalos50.es\/index.php\/wp-json\/wp\/v2\/pages\/9","targetHints":{"allow":["GET"]}}],"collection":[{"href":"https:\/\/emprenderalos50.es\/index.php\/wp-json\/wp\/v2\/pages"}],"about":[{"href":"https:\/\/emprenderalos50.es\/index.php\/wp-json\/wp\/v2\/types\/page"}],"author":[{"embeddable":true,"href":"https:\/\/emprenderalos50.es\/index.php\/wp-json\/wp\/v2\/users\/1"}],"replies":[{"embeddable":true,"href":"https:\/\/emprenderalos50.es\/index.php\/wp-json\/wp\/v2\/comments?post=9"}],"version-history":[{"count":3,"href":"https:\/\/emprenderalos50.es\/index.php\/wp-json\/wp\/v2\/pages\/9\/revisions"}],"predecessor-version":[{"id":67,"href":"https:\/\/emprenderalos50.es\/index.php\/wp-json\/wp\/v2\/pages\/9\/revisions\/67"}],"wp:featuredmedia":[{"embeddable":true,"href":"https:\/\/emprenderalos50.es\/index.php\/wp-json\/wp\/v2\/media\/68"}],"wp:attachment":[{"href":"https:\/\/emprenderalos50.es\/index.php\/wp-json\/wp\/v2\/media?parent=9"}],"curies":[{"name":"wp","href":"https:\/\/api.w.org\/{rel}","templated":true}]}}